{"id":8910,"date":"2021-07-26T09:41:37","date_gmt":"2021-07-26T07:41:37","guid":{"rendered":"https:\/\/www.escriba.de\/escriba-about-us\/"},"modified":"2023-02-02T14:11:14","modified_gmt":"2023-02-02T13:11:14","slug":"escriba-about-us-old","status":"publish","type":"page","link":"https:\/\/www.escriba.de\/en\/company\/escriba-about-us-old\/","title":{"rendered":"ESCRIBA &#8211; About us &#8211; old"},"content":{"rendered":"\t\t<div data-elementor-type=\"wp-page\" data-elementor-id=\"8910\" class=\"elementor elementor-8910\" data-elementor-post-type=\"page\">\n\t\t\t\t\t\t<section class=\"elementor-section elementor-top-section elementor-element elementor-element-bfdba37 elementor-section-height-min-height header elementor-section-boxed elementor-section-height-default elementor-section-items-middle\" data-id=\"bfdba37\" data-element_type=\"section\" data-settings=\"{&quot;background_background&quot;:&quot;classic&quot;,&quot;jet_parallax_layout_list&quot;:[]}\">\n\t\t\t\t\t\t<div class=\"elementor-container elementor-column-gap-default\">\n\t\t\t\t\t<div class=\"elementor-column elementor-col-100 elementor-top-column elementor-element elementor-element-0c7e9c3\" data-id=\"0c7e9c3\" data-element_type=\"column\" data-settings=\"{&quot;background_background&quot;:&quot;classic&quot;}\">\n\t\t\t<div class=\"elementor-widget-wrap elementor-element-populated\">\n\t\t\t\t\t\t<div class=\"elementor-element elementor-element-0f2b277 landingpage elementor-widget elementor-widget-text-editor\" data-id=\"0f2b277\" data-element_type=\"widget\" data-widget_type=\"text-editor.default\">\n\t\t\t\t<div class=\"elementor-widget-container\">\n\t\t\t\t\t\t\t\t\t<h1>Software by conviction<\/h1><p>ESCRIBA is the <strong>system house<\/strong> for the digitalisation of data and document-intensive processes<\/p>\t\t\t\t\t\t\t\t<\/div>\n\t\t\t\t<\/div>\n\t\t\t\t\t<\/div>\n\t\t<\/div>\n\t\t\t\t\t<\/div>\n\t\t<\/section>\n\t\t\t\t<section class=\"elementor-section elementor-top-section elementor-element elementor-element-ef32059 elementor-section-boxed elementor-section-height-default elementor-section-height-default\" data-id=\"ef32059\" data-element_type=\"section\" data-settings=\"{&quot;jet_parallax_layout_list&quot;:[]}\">\n\t\t\t\t\t\t<div class=\"elementor-container elementor-column-gap-default\">\n\t\t\t\t\t<div class=\"elementor-column elementor-col-100 elementor-top-column elementor-element elementor-element-463ea72\" data-id=\"463ea72\" data-element_type=\"column\" data-settings=\"{&quot;background_background&quot;:&quot;classic&quot;}\">\n\t\t\t<div class=\"elementor-widget-wrap elementor-element-populated\">\n\t\t\t\t\t\t<div class=\"elementor-element elementor-element-f618eeb elementor-widget__width-initial weiss elementor-widget elementor-widget-text-editor\" data-id=\"f618eeb\" data-element_type=\"widget\" data-widget_type=\"text-editor.default\">\n\t\t\t\t<div class=\"elementor-widget-container\">\n\t\t\t\t\t\t\t\t\t<h3>&#8220;Software and IT play an increasingly central role for companies. In the future, every company will also &#8211; or perhaps even primarily &#8211; be a provider of software. No-\/Low-Coding is the key technology in this.&#8221;<\/h3>\n<h6>Dr. Juergen Erbeldinger, CEO ESCRIBA<\/h6>\n\t\t\t\t\t\t\t\t<\/div>\n\t\t\t\t<\/div>\n\t\t\t\t\t<\/div>\n\t\t<\/div>\n\t\t\t\t\t<\/div>\n\t\t<\/section>\n\t\t\t\t<section class=\"elementor-section elementor-top-section elementor-element elementor-element-2acea7e elementor-section-boxed elementor-section-height-default elementor-section-height-default\" data-id=\"2acea7e\" data-element_type=\"section\" data-settings=\"{&quot;jet_parallax_layout_list&quot;:[]}\">\n\t\t\t\t\t\t<div class=\"elementor-container elementor-column-gap-default\">\n\t\t\t\t\t<div class=\"elementor-column elementor-col-100 elementor-top-column elementor-element elementor-element-888c2e9\" data-id=\"888c2e9\" data-element_type=\"column\">\n\t\t\t<div class=\"elementor-widget-wrap elementor-element-populated\">\n\t\t\t\t\t\t<div class=\"elementor-element elementor-element-6e83a9e elementor-widget__width-initial elementor-widget elementor-widget-text-editor\" data-id=\"6e83a9e\" data-element_type=\"widget\" data-widget_type=\"text-editor.default\">\n\t\t\t\t<div class=\"elementor-widget-container\">\n\t\t\t\t\t\t\t\t\t<h3>ESCRIBA is the leading German provider of No\/Low-Code technology for the digitization of data- and document-intensive processes.<\/h3>\n<p>Our roots lie in the <strong>digitization and automation of documents and contracts<\/strong> in the HR environment. This history is reflected in our technology stack ESCRIBA EDS\/EIS and in the NLC based HR suite. We have completely redesigned our technology for document generation and automation, which has been established <strong>on the market for 20 years<\/strong>, and<strong> consistently oriented it towards No-\/Low-Coding<\/strong>. This makes document generation available as a standalone system and as an extension module for platforms such as AgileApps, ServiceNow or SAP HANA and Salesforce. We combine the strength<strong> of digital workflows and case management<\/strong> with the full power of <strong>object-oriented document generation<\/strong>. This is what makes ESCRIBA so unique in the market.<\/p>\n<p>In recent years, we have evolved from a one-product company in the field of document creation to a <strong>platform provider<\/strong> with a variety of products and solutions <strong>(multi-product company)<\/strong>. Today, we build applications using No- and Low-Coding technology and digitize <strong>data- and document-intensive processes<\/strong>. The technical basis is usually Software AG\u00a9&#8217;s AgileApps as API manager and NLC platform for web applications as well as our ESCRIBA technology stack for document creation. As strategic partners, we continue to develop these technologies together and are constantly expanding the scope of performance and functionality.<\/p>\n<p>We believe that all companies need to become software companies in the medium to long term if they want to survive in the market. We believe that <strong>NLC<\/strong> will be the <strong>key technology<\/strong> in this process. This is the reason for our change and our business model.<\/p>\n<p>We focus on <strong>B2B and B2B2C markets<\/strong> and offer pre-packaged solutions that can be adapted and extended quickly and easily via no-coding and extensively via Low-Coding. Not least for data protection and compliance reasons, we operate the <strong>platform in Germany<\/strong>.<\/p>\n\t\t\t\t\t\t\t\t<\/div>\n\t\t\t\t<\/div>\n\t\t\t\t\t<\/div>\n\t\t<\/div>\n\t\t\t\t\t<\/div>\n\t\t<\/section>\n\t\t\t\t<section class=\"elementor-section elementor-top-section elementor-element elementor-element-c324de3 elementor-section-boxed elementor-section-height-default elementor-section-height-default\" data-id=\"c324de3\" data-element_type=\"section\" data-settings=\"{&quot;jet_parallax_layout_list&quot;:[]}\">\n\t\t\t\t\t\t<div class=\"elementor-container elementor-column-gap-default\">\n\t\t\t\t\t<div class=\"elementor-column elementor-col-100 elementor-top-column elementor-element elementor-element-2a56352\" data-id=\"2a56352\" data-element_type=\"column\">\n\t\t\t<div class=\"elementor-widget-wrap elementor-element-populated\">\n\t\t\t\t\t\t<div class=\"elementor-element elementor-element-5d8c4b6 elementor-widget__width-initial elementor-widget elementor-widget-text-editor\" data-id=\"5d8c4b6\" data-element_type=\"widget\" data-widget_type=\"text-editor.default\">\n\t\t\t\t<div class=\"elementor-widget-container\">\n\t\t\t\t\t\t\t\t\t<p>In den letzten beiden Jahrzehnten haben wir unsere Software \u2013 die ESCRIBA Document Services \u2013 konti\u00adnuier\u00adlich mit unseren Kunden weiterentwickelt und sind heute Technologief\u00fchrer im Bereich Dokumenten\u00aderzeugung und -automation. F\u00fcr uns war es deshalb nur folgerichtig, die Document Services NLC-f\u00e4hig zu machen und um eine leistungsstarke elektronische Akte, ein adaptives Case Management und ein vollst\u00e4ndiges Business Process Management System zu erweitern, die alle selbst nat\u00fcrlich auch dem No-\/Low-Coding Paradigma gen\u00fcgen. Damit bieten wir heute eine vollst\u00e4ndige NLC-Plattform f\u00fcr das Management von Serviceprozessen sowie die Digitalisierung und Optimierung von daten- und dokumentenintensiven Prozessen. <\/p>\n\t\t\t\t\t\t\t\t<\/div>\n\t\t\t\t<\/div>\n\t\t\t\t\t<\/div>\n\t\t<\/div>\n\t\t\t\t\t<\/div>\n\t\t<\/section>\n\t\t\t\t<section class=\"elementor-section elementor-top-section elementor-element elementor-element-b96f50a elementor-section-boxed elementor-section-height-default elementor-section-height-default\" data-id=\"b96f50a\" data-element_type=\"section\" data-settings=\"{&quot;jet_parallax_layout_list&quot;:[]}\">\n\t\t\t\t\t\t<div class=\"elementor-container elementor-column-gap-default\">\n\t\t\t\t\t<div class=\"elementor-column elementor-col-100 elementor-top-column elementor-element elementor-element-2736249\" data-id=\"2736249\" data-element_type=\"column\">\n\t\t\t<div class=\"elementor-widget-wrap elementor-element-populated\">\n\t\t\t\t\t\t<div class=\"elementor-element elementor-element-bdf11b2 elementor-widget__width-initial elementor-widget elementor-widget-text-editor\" data-id=\"bdf11b2\" data-element_type=\"widget\" data-widget_type=\"text-editor.default\">\n\t\t\t\t<div class=\"elementor-widget-container\">\n\t\t\t\t\t\t\t\t\t<p>ESCRIBA steht f\u00fcr mehr als 20 Jahre Erfahrung und \u00fcber 300 Projekte bei namenhaften Unternehmen aus DAX und MDAX sowie der \u00f6ffentlichen Hand. Als deutscher Anbieter begleiten wir internationale und globale Projekte, kennen und verstehen aber auch den deutschsprachigen Kultur- und Rechtsraum. Unsere Erfahrungen spiegelt sich nicht nur in der No-\/Low-Code Technologie, sondern vor allem in den Inhalten, die wir mit ausliefern, wieder: von umfassenden Leistungskatalogen \u00fcber voreingestellte Prozesse und Service-Level-Agreements, zugeh\u00f6rigen Kennzahlen, Reports und Dashboards bis hin zu mehrsprachigen Dokumentinhalten und Texten, die unserer Kunde sofort nutzen k\u00f6nnen.<\/p>\n\t\t\t\t\t\t\t\t<\/div>\n\t\t\t\t<\/div>\n\t\t\t\t\t<\/div>\n\t\t<\/div>\n\t\t\t\t\t<\/div>\n\t\t<\/section>\n\t\t\t\t<section class=\"elementor-section elementor-top-section elementor-element elementor-element-ca8f2d5 elementor-section-boxed elementor-section-height-default elementor-section-height-default\" data-id=\"ca8f2d5\" data-element_type=\"section\" data-settings=\"{&quot;jet_parallax_layout_list&quot;:[]}\">\n\t\t\t\t\t\t<div class=\"elementor-container elementor-column-gap-default\">\n\t\t\t\t\t<div class=\"elementor-column elementor-col-50 elementor-top-column elementor-element elementor-element-0ea2046\" data-id=\"0ea2046\" data-element_type=\"column\" data-settings=\"{&quot;background_background&quot;:&quot;classic&quot;}\">\n\t\t\t<div class=\"elementor-widget-wrap elementor-element-populated\">\n\t\t\t\t\t\t<div class=\"elementor-element elementor-element-b39503b elementor-widget elementor-widget-text-editor\" data-id=\"b39503b\" data-element_type=\"widget\" data-widget_type=\"text-editor.default\">\n\t\t\t\t<div class=\"elementor-widget-container\">\n\t\t\t\t\t\t\t\t\t<p><strong>In 1998, Dr. Juergen Erbeldinger laid the foundation for ESCRIBA by founding E&amp;E information consultants AG.<\/strong><\/p>\n<p><strong>The ESCRIBA brand emerged from a consulting mandate from Commerzbank AG and developed into an independent software for digital document management in the early 2000s. After Commerzbank, which is still an ESCRIBA customer today, KarstadtQuelle (today Galeria Kaufhof Karstadt), Deutsche Post \/DHL followed as early as 2005, then PWC, Audi as well as BASF in 2006. Today, we are represented at most DAX\/MDAX and many Swiss and Austrian companies.<\/strong><\/p>\n<p>&nbsp;<\/p>\n<p><strong>Since 2007 J\u00fcrgen Anneken is CFO and co-owner of ESCRIBA AG. With the decision to focus on new No-\/Low-Code technology and digitalization, the circle of founders was expanded in 2018 to include Jens Rohnstock, Steffen Kuehn and Christian Rathgen.<\/strong><\/p>\n\t\t\t\t\t\t\t\t<\/div>\n\t\t\t\t<\/div>\n\t\t\t\t\t<\/div>\n\t\t<\/div>\n\t\t\t\t<div class=\"elementor-column elementor-col-50 elementor-top-column elementor-element elementor-element-13bc477\" data-id=\"13bc477\" data-element_type=\"column\" data-settings=\"{&quot;background_background&quot;:&quot;classic&quot;}\">\n\t\t\t<div class=\"elementor-widget-wrap elementor-element-populated\">\n\t\t\t\t\t\t<div class=\"elementor-element elementor-element-3adef8d elementor-widget elementor-widget-text-editor\" data-id=\"3adef8d\" data-element_type=\"widget\" data-widget_type=\"text-editor.default\">\n\t\t\t\t<div class=\"elementor-widget-container\">\n\t\t\t\t\t\t\t\t\t<ul>\n<li>\u00a0Wir bieten Produkte und L\u00f6sungen auf Basis von No-\/Low-Coding Technologie<\/li>\n<li>\u00a0Wir bieten eine umfassende NLC-Plattform f\u00fcr das Management von Serviceleistungen sowie der Digitalisierung und Optimierung der zugeh\u00f6rigen Prozesse<\/li>\n<li>\u00a0Wir bieten vorkonfektionierte L\u00f6sungen mit praxiserprobten Inhalten f\u00fcr den deutschsprachigen sowie internationalen Kultur- und Rechtsraum<\/li>\n<\/ul>\n\t\t\t\t\t\t\t\t<\/div>\n\t\t\t\t<\/div>\n\t\t\t\t\t<\/div>\n\t\t<\/div>\n\t\t\t\t\t<\/div>\n\t\t<\/section>\n\t\t\t\t<section class=\"elementor-section elementor-top-section elementor-element elementor-element-fe0fb2f grau elementor-section-boxed elementor-section-height-default elementor-section-height-default\" data-id=\"fe0fb2f\" data-element_type=\"section\" data-settings=\"{&quot;jet_parallax_layout_list&quot;:[]}\">\n\t\t\t\t\t\t<div class=\"elementor-container elementor-column-gap-default\">\n\t\t\t\t\t<div class=\"elementor-column elementor-col-100 elementor-top-column elementor-element elementor-element-c001501 abbinder\" data-id=\"c001501\" data-element_type=\"column\" data-settings=\"{&quot;background_background&quot;:&quot;classic&quot;}\">\n\t\t\t<div class=\"elementor-widget-wrap elementor-element-populated\">\n\t\t\t\t\t\t<div class=\"elementor-element elementor-element-e6f8d9b elementor-widget elementor-widget-text-editor\" data-id=\"e6f8d9b\" data-element_type=\"widget\" data-widget_type=\"text-editor.default\">\n\t\t\t\t<div class=\"elementor-widget-container\">\n\t\t\t\t\t\t\t\t\t<h4 style=\"text-align: center;\">We are not 0 and 1, we are colorful and diverse.<br \/>\nCome join our team and change the world with ESCRIBA<\/h4>\n\t\t\t\t\t\t\t\t<\/div>\n\t\t\t\t<\/div>\n\t\t\t\t<div class=\"elementor-element elementor-element-b0c369d elementor-align-center elementor-widget elementor-widget-button\" data-id=\"b0c369d\" data-element_type=\"widget\" data-widget_type=\"button.default\">\n\t\t\t\t<div class=\"elementor-widget-container\">\n\t\t\t\t\t\t\t\t\t<div class=\"elementor-button-wrapper\">\n\t\t\t\t\t<a class=\"elementor-button elementor-button-link elementor-size-sm\" href=\"https:\/\/www.escriba.de\/en\/company\/escriba-career\/\">\n\t\t\t\t\t\t<span class=\"elementor-button-content-wrapper\">\n\t\t\t\t\t\t<span class=\"elementor-button-icon\">\n\t\t\t\t<i aria-hidden=\"true\" class=\"fas fa-user-circle\"><\/i>\t\t\t<\/span>\n\t\t\t\t\t\t\t\t\t<span class=\"elementor-button-text\">Current Vacancies<\/span>\n\t\t\t\t\t<\/span>\n\t\t\t\t\t<\/a>\n\t\t\t\t<\/div>\n\t\t\t\t\t\t\t\t<\/div>\n\t\t\t\t<\/div>\n\t\t\t\t\t<\/div>\n\t\t<\/div>\n\t\t\t\t\t<\/div>\n\t\t<\/section>\n\t\t\t\t<\/div>\n\t\t","protected":false},"excerpt":{"rendered":"<p>Software by conviction ESCRIBA is the system house for the digitalisation of data and document-intensive processes &#8220;Software and IT play an increasingly central role for companies. In the future, every company will also &#8211; or perhaps even primarily &#8211; be a provider of software. No-\/Low-Coding is the key technology in this.&#8221; Dr. Juergen Erbeldinger, CEO [&hellip;]<\/p>\n","protected":false},"author":1,"featured_media":0,"parent":9158,"menu_order":0,"comment_status":"closed","ping_status":"closed","template":"elementor_header_footer","meta":{"_acf_changed":false,"footnotes":""},"class_list":["post-8910","page","type-page","status-publish","hentry"],"acf":[],"yoast_head":"<!-- This site is optimized with the Yoast SEO Premium plugin v27.3 (Yoast SEO v27.3) - https:\/\/yoast.com\/product\/yoast-seo-premium-wordpress\/ -->\n<title>About us - Company information<\/title>\n<meta name=\"description\" content=\"ESCRIBA is the leading German provider of no\/low code technology for the digitization of data and document-intensive processes. Learn more!\" \/>\n<meta name=\"robots\" content=\"index, follow, max-snippet:-1, max-image-preview:large, max-video-preview:-1\" \/>\n<link rel=\"canonical\" href=\"https:\/\/www.escriba.de\/en\/company\/escriba-about-us-old\/\" \/>\n<meta property=\"og:locale\" content=\"en_US\" \/>\n<meta property=\"og:type\" content=\"article\" \/>\n<meta property=\"og:title\" content=\"ESCRIBA - About us - old\" \/>\n<meta property=\"og:description\" content=\"ESCRIBA is the leading German provider of no\/low code technology for the digitization of data and document-intensive processes. Learn more!\" \/>\n<meta property=\"og:url\" content=\"https:\/\/www.escriba.de\/en\/company\/escriba-about-us-old\/\" \/>\n<meta property=\"og:site_name\" content=\"ESCRIBA\" \/>\n<meta property=\"article:modified_time\" content=\"2023-02-02T13:11:14+00:00\" \/>\n<meta name=\"twitter:card\" content=\"summary_large_image\" \/>\n<meta name=\"twitter:label1\" content=\"Est. reading time\" \/>\n\t<meta name=\"twitter:data1\" content=\"4 minutes\" \/>\n<script type=\"application\/ld+json\" class=\"yoast-schema-graph\">{\"@context\":\"https:\\\/\\\/schema.org\",\"@graph\":[{\"@type\":\"WebPage\",\"@id\":\"https:\\\/\\\/www.escriba.de\\\/en\\\/company\\\/escriba-about-us-old\\\/\",\"url\":\"https:\\\/\\\/www.escriba.de\\\/en\\\/company\\\/escriba-about-us-old\\\/\",\"name\":\"About us - Company information\",\"isPartOf\":{\"@id\":\"https:\\\/\\\/www.escriba.de\\\/en\\\/#website\"},\"datePublished\":\"2021-07-26T07:41:37+00:00\",\"dateModified\":\"2023-02-02T13:11:14+00:00\",\"description\":\"ESCRIBA is the leading German provider of no\\\/low code technology for the digitization of data and document-intensive processes. Learn more!\",\"breadcrumb\":{\"@id\":\"https:\\\/\\\/www.escriba.de\\\/en\\\/company\\\/escriba-about-us-old\\\/#breadcrumb\"},\"inLanguage\":\"en-US\",\"potentialAction\":[{\"@type\":\"ReadAction\",\"target\":[\"https:\\\/\\\/www.escriba.de\\\/en\\\/company\\\/escriba-about-us-old\\\/\"]}]},{\"@type\":\"BreadcrumbList\",\"@id\":\"https:\\\/\\\/www.escriba.de\\\/en\\\/company\\\/escriba-about-us-old\\\/#breadcrumb\",\"itemListElement\":[{\"@type\":\"ListItem\",\"position\":1,\"name\":\"Startseite\",\"item\":\"https:\\\/\\\/www.escriba.de\\\/en\\\/\"},{\"@type\":\"ListItem\",\"position\":2,\"name\":\"Company\",\"item\":\"https:\\\/\\\/www.escriba.de\\\/en\\\/company\\\/\"},{\"@type\":\"ListItem\",\"position\":3,\"name\":\"ESCRIBA &#8211; About us &#8211; old\"}]},{\"@type\":\"WebSite\",\"@id\":\"https:\\\/\\\/www.escriba.de\\\/en\\\/#website\",\"url\":\"https:\\\/\\\/www.escriba.de\\\/en\\\/\",\"name\":\"ESCRIBA\",\"description\":\"Software aus \u00dcberzeugung\",\"publisher\":{\"@id\":\"https:\\\/\\\/www.escriba.de\\\/en\\\/#organization\"},\"potentialAction\":[{\"@type\":\"SearchAction\",\"target\":{\"@type\":\"EntryPoint\",\"urlTemplate\":\"https:\\\/\\\/www.escriba.de\\\/en\\\/?s={search_term_string}\"},\"query-input\":{\"@type\":\"PropertyValueSpecification\",\"valueRequired\":true,\"valueName\":\"search_term_string\"}}],\"inLanguage\":\"en-US\"},{\"@type\":\"Organization\",\"@id\":\"https:\\\/\\\/www.escriba.de\\\/en\\\/#organization\",\"name\":\"ESCRIBA\",\"url\":\"https:\\\/\\\/www.escriba.de\\\/en\\\/\",\"logo\":{\"@type\":\"ImageObject\",\"inLanguage\":\"en-US\",\"@id\":\"https:\\\/\\\/www.escriba.de\\\/en\\\/#\\\/schema\\\/logo\\\/image\\\/\",\"url\":\"https:\\\/\\\/www.escriba.de\\\/wp-content\\\/uploads\\\/2021\\\/03\\\/ESCRIBA_Logo_Weiss_Gelb.png\",\"contentUrl\":\"https:\\\/\\\/www.escriba.de\\\/wp-content\\\/uploads\\\/2021\\\/03\\\/ESCRIBA_Logo_Weiss_Gelb.png\",\"width\":500,\"height\":128,\"caption\":\"ESCRIBA\"},\"image\":{\"@id\":\"https:\\\/\\\/www.escriba.de\\\/en\\\/#\\\/schema\\\/logo\\\/image\\\/\"},\"sameAs\":[\"https:\\\/\\\/www.linkedin.com\\\/company\\\/escriba-ag\",\"https:\\\/\\\/www.youtube.com\\\/channel\\\/UC1h03FV3GxcG1OjVoimkfiA\"]}]}<\/script>\n<!-- \/ Yoast SEO Premium plugin. -->","yoast_head_json":{"title":"About us - Company information","description":"ESCRIBA is the leading German provider of no\/low code technology for the digitization of data and document-intensive processes. Learn more!","robots":{"index":"index","follow":"follow","max-snippet":"max-snippet:-1","max-image-preview":"max-image-preview:large","max-video-preview":"max-video-preview:-1"},"canonical":"https:\/\/www.escriba.de\/en\/company\/escriba-about-us-old\/","og_locale":"en_US","og_type":"article","og_title":"ESCRIBA - About us - old","og_description":"ESCRIBA is the leading German provider of no\/low code technology for the digitization of data and document-intensive processes. Learn more!","og_url":"https:\/\/www.escriba.de\/en\/company\/escriba-about-us-old\/","og_site_name":"ESCRIBA","article_modified_time":"2023-02-02T13:11:14+00:00","twitter_card":"summary_large_image","twitter_misc":{"Est. reading time":"4 minutes"},"schema":{"@context":"https:\/\/schema.org","@graph":[{"@type":"WebPage","@id":"https:\/\/www.escriba.de\/en\/company\/escriba-about-us-old\/","url":"https:\/\/www.escriba.de\/en\/company\/escriba-about-us-old\/","name":"About us - Company information","isPartOf":{"@id":"https:\/\/www.escriba.de\/en\/#website"},"datePublished":"2021-07-26T07:41:37+00:00","dateModified":"2023-02-02T13:11:14+00:00","description":"ESCRIBA is the leading German provider of no\/low code technology for the digitization of data and document-intensive processes. Learn more!","breadcrumb":{"@id":"https:\/\/www.escriba.de\/en\/company\/escriba-about-us-old\/#breadcrumb"},"inLanguage":"en-US","potentialAction":[{"@type":"ReadAction","target":["https:\/\/www.escriba.de\/en\/company\/escriba-about-us-old\/"]}]},{"@type":"BreadcrumbList","@id":"https:\/\/www.escriba.de\/en\/company\/escriba-about-us-old\/#breadcrumb","itemListElement":[{"@type":"ListItem","position":1,"name":"Startseite","item":"https:\/\/www.escriba.de\/en\/"},{"@type":"ListItem","position":2,"name":"Company","item":"https:\/\/www.escriba.de\/en\/company\/"},{"@type":"ListItem","position":3,"name":"ESCRIBA &#8211; About us &#8211; old"}]},{"@type":"WebSite","@id":"https:\/\/www.escriba.de\/en\/#website","url":"https:\/\/www.escriba.de\/en\/","name":"ESCRIBA","description":"Software aus \u00dcberzeugung","publisher":{"@id":"https:\/\/www.escriba.de\/en\/#organization"},"potentialAction":[{"@type":"SearchAction","target":{"@type":"EntryPoint","urlTemplate":"https:\/\/www.escriba.de\/en\/?s={search_term_string}"},"query-input":{"@type":"PropertyValueSpecification","valueRequired":true,"valueName":"search_term_string"}}],"inLanguage":"en-US"},{"@type":"Organization","@id":"https:\/\/www.escriba.de\/en\/#organization","name":"ESCRIBA","url":"https:\/\/www.escriba.de\/en\/","logo":{"@type":"ImageObject","inLanguage":"en-US","@id":"https:\/\/www.escriba.de\/en\/#\/schema\/logo\/image\/","url":"https:\/\/www.escriba.de\/wp-content\/uploads\/2021\/03\/ESCRIBA_Logo_Weiss_Gelb.png","contentUrl":"https:\/\/www.escriba.de\/wp-content\/uploads\/2021\/03\/ESCRIBA_Logo_Weiss_Gelb.png","width":500,"height":128,"caption":"ESCRIBA"},"image":{"@id":"https:\/\/www.escriba.de\/en\/#\/schema\/logo\/image\/"},"sameAs":["https:\/\/www.linkedin.com\/company\/escriba-ag","https:\/\/www.youtube.com\/channel\/UC1h03FV3GxcG1OjVoimkfiA"]}]}},"publishpress_future_action":{"enabled":false,"date":"2026-04-16 10:33:35","action":"change-status","newStatus":"draft","terms":[],"taxonomy":"translation_priority","extraData":[]},"publishpress_future_workflow_manual_trigger":{"enabledWorkflows":[]},"_links":{"self":[{"href":"https:\/\/www.escriba.de\/en\/wp-json\/wp\/v2\/pages\/8910","targetHints":{"allow":["GET"]}}],"collection":[{"href":"https:\/\/www.escriba.de\/en\/wp-json\/wp\/v2\/pages"}],"about":[{"href":"https:\/\/www.escriba.de\/en\/wp-json\/wp\/v2\/types\/page"}],"author":[{"embeddable":true,"href":"https:\/\/www.escriba.de\/en\/wp-json\/wp\/v2\/users\/1"}],"replies":[{"embeddable":true,"href":"https:\/\/www.escriba.de\/en\/wp-json\/wp\/v2\/comments?post=8910"}],"version-history":[{"count":6,"href":"https:\/\/www.escriba.de\/en\/wp-json\/wp\/v2\/pages\/8910\/revisions"}],"predecessor-version":[{"id":21283,"href":"https:\/\/www.escriba.de\/en\/wp-json\/wp\/v2\/pages\/8910\/revisions\/21283"}],"up":[{"embeddable":true,"href":"https:\/\/www.escriba.de\/en\/wp-json\/wp\/v2\/pages\/9158"}],"wp:attachment":[{"href":"https:\/\/www.escriba.de\/en\/wp-json\/wp\/v2\/media?parent=8910"}],"curies":[{"name":"wp","href":"https:\/\/api.w.org\/{rel}","templated":true}]}}